{"id":3984,"date":"2023-11-02T23:16:30","date_gmt":"2023-11-02T23:16:30","guid":{"rendered":"https:\/\/naturenest.com.ro\/?page_id=3984"},"modified":"2025-01-09T08:30:57","modified_gmt":"2025-01-09T06:30:57","slug":"politica-cookies","status":"publish","type":"page","link":"https:\/\/naturenest.ro\/en\/politica-cookies\/","title":{"rendered":"Cookies Policy"},"content":{"rendered":"<div data-elementor-type=\"wp-page\" data-elementor-id=\"3984\" class=\"elementor elementor-3984\">\n\t\t\t\t\t\t\t<div class=\"elementor-element elementor-element-0942789 e-flex e-con-boxed e-con e-parent\" data-id=\"0942789\" data-element_type=\"container\" data-settings=\"{&quot;content_width&quot;:&quot;boxed&quot;}\" data-core-v316-plus=\"true\">\n\t\t\t\t\t<div class=\"e-con-inner\">\n\t\t\t\t<div class=\"elementor-element elementor-element-1508a16 elementor-widget elementor-widget-spacer\" data-id=\"1508a16\" data-element_type=\"widget\" data-settings=\"{&quot;grandrestaurant_ext_link_reservation&quot;:&quot;false&quot;,&quot;grandrestaurant_ext_link_sidemenu&quot;:&quot;false&quot;,&quot;grandrestaurant_ext_link_fullmenu&quot;:&quot;false&quot;,&quot;grandrestaurant_ext_link_closed_fullmenu&quot;:&quot;false&quot;,&quot;grandrestaurant_ext_is_scrollme&quot;:&quot;false&quot;,&quot;grandrestaurant_ext_is_smoove&quot;:&quot;false&quot;,&quot;grandrestaurant_ext_is_parallax_mouse&quot;:&quot;false&quot;,&quot;grandrestaurant_ext_is_infinite&quot;:&quot;false&quot;,&quot;grandrestaurant_ext_is_fadeout_animation&quot;:&quot;false&quot;,&quot;grandrestaurant_ext_mobile_static&quot;:&quot;false&quot;}\" data-widget_type=\"spacer.default\">\n\t\t\t\t<div class=\"elementor-widget-container\">\n\t\t\t<style>\/*! elementor - v3.16.0 - 20-09-2023 *\/\n.elementor-column .elementor-spacer-inner{height:var(--spacer-size)}.e-con{--container-widget-width:100%}.e-con-inner>.elementor-widget-spacer,.e-con>.elementor-widget-spacer{width:var(--container-widget-width,var(--spacer-size));--align-self:var(--container-widget-align-self,initial);--flex-shrink:0}.e-con-inner>.elementor-widget-spacer>.elementor-widget-container,.e-con>.elementor-widget-spacer>.elementor-widget-container{height:100%;width:100%}.e-con-inner>.elementor-widget-spacer>.elementor-widget-container>.elementor-spacer,.e-con>.elementor-widget-spacer>.elementor-widget-container>.elementor-spacer{height:100%}.e-con-inner>.elementor-widget-spacer>.elementor-widget-container>.elementor-spacer>.elementor-spacer-inner,.e-con>.elementor-widget-spacer>.elementor-widget-container>.elementor-spacer>.elementor-spacer-inner{height:var(--container-widget-height,var(--spacer-size))}.e-con-inner>.elementor-widget-spacer.elementor-widget-empty,.e-con>.elementor-widget-spacer.elementor-widget-empty{position:relative;min-height:22px;min-width:22px}.e-con-inner>.elementor-widget-spacer.elementor-widget-empty .elementor-widget-empty-icon,.e-con>.elementor-widget-spacer.elementor-widget-empty .elementor-widget-empty-icon{position:absolute;top:0;bottom:0;left:0;right:0;margin:auto;padding:0;width:22px;height:22px}<\/style>\t\t<div class=\"elementor-spacer\">\n\t\t\t<div class=\"elementor-spacer-inner\"><\/div>\n\t\t<\/div>\n\t\t\t\t<\/div>\n\t\t\t\t<\/div>\n\t\t\t\t\t<\/div>\n\t\t\t\t<\/div>\n\t\t\t\t<section class=\"elementor-section elementor-top-section elementor-element elementor-element-8f84713 elementor-section-height-min-height elementor-section-stretched elementor-section-boxed elementor-section-height-default elementor-section-items-middle\" data-id=\"8f84713\" data-element_type=\"section\" data-settings=\"{&quot;stretch_section&quot;:&quot;section-stretched&quot;,&quot;background_background&quot;:&quot;classic&quot;,&quot;grandrestaurant_ext_is_background_parallax&quot;:&quot;true&quot;,&quot;shape_divider_bottom&quot;:&quot;split&quot;,&quot;grandrestaurant_ext_is_background_parallax_speed&quot;:{&quot;unit&quot;:&quot;px&quot;,&quot;size&quot;:0.8000000000000000444089209850062616169452667236328125,&quot;sizes&quot;:[]},&quot;grandrestaurant_ext_is_background_backdrop&quot;:&quot;false&quot;,&quot;grandrestaurant_ext_is_background_on_scroll&quot;:&quot;false&quot;}\">\n\t\t\t\t\t<div class=\"elementor-shape elementor-shape-bottom\" data-negative=\"false\">\n\t\t\t<svg xmlns=\"http:\/\/www.w3.org\/2000\/svg\" viewbox=\"0 0 1000 20\" preserveaspectratio=\"none\">\n\t<path class=\"elementor-shape-fill\" d=\"M0,0v3c0,0,393.8,0,483.4,0c9.2,0,16.6,7.4,16.6,16.6c0-9.1,7.4-16.6,16.6-16.6C606.2,3,1000,3,1000,3V0H0z\"\/>\n<\/svg>\t\t<\/div>\n\t\t\t\t\t<div class=\"elementor-container elementor-column-gap-default\">\n\t\t\t\t\t<div class=\"elementor-column elementor-col-100 elementor-top-column elementor-element elementor-element-788781b8\" data-id=\"788781b8\" data-element_type=\"column\" data-settings=\"{&quot;grandrestaurant_ext_link_reservation&quot;:&quot;false&quot;,&quot;grandrestaurant_ext_link_sidemenu&quot;:&quot;false&quot;,&quot;grandrestaurant_ext_link_fullmenu&quot;:&quot;false&quot;,&quot;grandrestaurant_ext_link_closed_fullmenu&quot;:&quot;false&quot;,&quot;grandrestaurant_ext_is_scrollme&quot;:&quot;false&quot;,&quot;grandrestaurant_ext_is_smoove&quot;:&quot;false&quot;,&quot;grandrestaurant_ext_is_parallax_mouse&quot;:&quot;false&quot;,&quot;grandrestaurant_ext_is_infinite&quot;:&quot;false&quot;,&quot;grandrestaurant_ext_is_fadeout_animation&quot;:&quot;false&quot;,&quot;grandrestaurant_ext_mobile_static&quot;:&quot;false&quot;}\">\n\t\t\t<div class=\"elementor-widget-wrap elementor-element-populated\">\n\t\t\t\t\t\t\t\t<div class=\"elementor-element elementor-element-6f41b502 elementor-widget elementor-widget-grandrestaurant-animated-text\" data-id=\"6f41b502\" data-element_type=\"widget\" data-settings=\"{&quot;grandrestaurant_ext_is_fadeout_animation&quot;:&quot;true&quot;,&quot;grandrestaurant_ext_is_fadeout_animation_velocity&quot;:{&quot;unit&quot;:&quot;px&quot;,&quot;size&quot;:0.200000000000000011102230246251565404236316680908203125,&quot;sizes&quot;:[]},&quot;grandrestaurant_ext_link_reservation&quot;:&quot;false&quot;,&quot;grandrestaurant_ext_link_sidemenu&quot;:&quot;false&quot;,&quot;grandrestaurant_ext_link_fullmenu&quot;:&quot;false&quot;,&quot;grandrestaurant_ext_link_closed_fullmenu&quot;:&quot;false&quot;,&quot;grandrestaurant_ext_is_scrollme&quot;:&quot;false&quot;,&quot;grandrestaurant_ext_is_smoove&quot;:&quot;false&quot;,&quot;grandrestaurant_ext_is_parallax_mouse&quot;:&quot;false&quot;,&quot;grandrestaurant_ext_is_infinite&quot;:&quot;false&quot;,&quot;grandrestaurant_ext_is_fadeout_animation_direction&quot;:&quot;up&quot;,&quot;grandrestaurant_ext_mobile_static&quot;:&quot;false&quot;}\" data-widget_type=\"grandrestaurant-animated-text.default\">\n\t\t\t\t<div class=\"elementor-widget-container\">\n\t\t\t<div class=\"themegoods-animated-text text-alignment-center transition-bottom overflow-hidden\" data-delimiter=\"word\" data-transition=\"100\" data-transition-delay=\"400\" data-transition-duration=\"800\">\n\t\t<h2>\n\t\tCookies Policy\t<\/h2>\n\t<\/div>\t\t<\/div>\n\t\t\t\t<\/div>\n\t\t\t\t<div class=\"elementor-element elementor-element-32d8486d elementor-icon-list--layout-inline elementor-align-center elementor-list-item-link-full_width elementor-widget elementor-widget-icon-list\" data-id=\"32d8486d\" data-element_type=\"widget\" data-settings=\"{&quot;grandrestaurant_ext_link_reservation&quot;:&quot;false&quot;,&quot;grandrestaurant_ext_link_sidemenu&quot;:&quot;false&quot;,&quot;grandrestaurant_ext_link_fullmenu&quot;:&quot;false&quot;,&quot;grandrestaurant_ext_link_closed_fullmenu&quot;:&quot;false&quot;,&quot;grandrestaurant_ext_is_scrollme&quot;:&quot;false&quot;,&quot;grandrestaurant_ext_is_smoove&quot;:&quot;false&quot;,&quot;grandrestaurant_ext_is_parallax_mouse&quot;:&quot;false&quot;,&quot;grandrestaurant_ext_is_infinite&quot;:&quot;false&quot;,&quot;grandrestaurant_ext_is_fadeout_animation&quot;:&quot;false&quot;,&quot;grandrestaurant_ext_mobile_static&quot;:&quot;false&quot;}\" data-widget_type=\"icon-list.default\">\n\t\t\t\t<div class=\"elementor-widget-container\">\n\t\t\t<link rel=\"stylesheet\" href=\"https:\/\/naturenest.ro\/wp-content\/plugins\/elementor\/assets\/css\/widget-icon-list.min.css\">\t\t<ul class=\"elementor-icon-list-items elementor-inline-items\">\n\t\t\t\t\t\t\t<li class=\"elementor-icon-list-item elementor-inline-item\">\n\t\t\t\t\t\t\t\t\t\t\t<a href=\"\/en\/\">\n\n\t\t\t\t\t\t\t\t\t\t\t<span class=\"elementor-icon-list-text\">Home<\/span>\n\t\t\t\t\t\t\t\t\t\t\t<\/a>\n\t\t\t\t\t\t\t\t\t<\/li>\n\t\t\t\t\t\t\t\t<li class=\"elementor-icon-list-item elementor-inline-item\">\n\t\t\t\t\t\t\t\t\t\t\t<span class=\"elementor-icon-list-icon\">\n\t\t\t\t\t\t\t<i aria-hidden=\"true\" class=\"fas fa-angle-right\"><\/i>\t\t\t\t\t\t<\/span>\n\t\t\t\t\t\t\t\t\t\t<span class=\"elementor-icon-list-text\">Cookies Policy<\/span>\n\t\t\t\t\t\t\t\t\t<\/li>\n\t\t\t\t\t\t<\/ul>\n\t\t\t\t<\/div>\n\t\t\t\t<\/div>\n\t\t\t\t\t<\/div>\n\t\t<\/div>\n\t\t\t\t\t\t\t<\/div>\n\t\t<\/section>\n\t\t<div class=\"elementor-element elementor-element-c514347 e-flex e-con-boxed e-con e-parent\" data-id=\"c514347\" data-element_type=\"container\" data-settings=\"{&quot;content_width&quot;:&quot;boxed&quot;}\" data-core-v316-plus=\"true\">\n\t\t\t\t\t<div class=\"e-con-inner\">\n\t\t\t\t<div class=\"elementor-element elementor-element-2bfaf94 elementor-widget elementor-widget-spacer\" data-id=\"2bfaf94\" data-element_type=\"widget\" data-settings=\"{&quot;grandrestaurant_ext_link_reservation&quot;:&quot;false&quot;,&quot;grandrestaurant_ext_link_sidemenu&quot;:&quot;false&quot;,&quot;grandrestaurant_ext_link_fullmenu&quot;:&quot;false&quot;,&quot;grandrestaurant_ext_link_closed_fullmenu&quot;:&quot;false&quot;,&quot;grandrestaurant_ext_is_scrollme&quot;:&quot;false&quot;,&quot;grandrestaurant_ext_is_smoove&quot;:&quot;false&quot;,&quot;grandrestaurant_ext_is_parallax_mouse&quot;:&quot;false&quot;,&quot;grandrestaurant_ext_is_infinite&quot;:&quot;false&quot;,&quot;grandrestaurant_ext_is_fadeout_animation&quot;:&quot;false&quot;,&quot;grandrestaurant_ext_mobile_static&quot;:&quot;false&quot;}\" data-widget_type=\"spacer.default\">\n\t\t\t\t<div class=\"elementor-widget-container\">\n\t\t\t\t\t<div class=\"elementor-spacer\">\n\t\t\t<div class=\"elementor-spacer-inner\"><\/div>\n\t\t<\/div>\n\t\t\t\t<\/div>\n\t\t\t\t<\/div>\n\t\t\t\t<div class=\"elementor-element elementor-element-58d7a23 elementor-widget elementor-widget-text-editor\" data-id=\"58d7a23\" data-element_type=\"widget\" data-settings=\"{&quot;grandrestaurant_ext_link_reservation&quot;:&quot;false&quot;,&quot;grandrestaurant_ext_link_sidemenu&quot;:&quot;false&quot;,&quot;grandrestaurant_ext_link_fullmenu&quot;:&quot;false&quot;,&quot;grandrestaurant_ext_link_closed_fullmenu&quot;:&quot;false&quot;,&quot;grandrestaurant_ext_is_scrollme&quot;:&quot;false&quot;,&quot;grandrestaurant_ext_is_smoove&quot;:&quot;false&quot;,&quot;grandrestaurant_ext_is_parallax_mouse&quot;:&quot;false&quot;,&quot;grandrestaurant_ext_is_infinite&quot;:&quot;false&quot;,&quot;grandrestaurant_ext_is_fadeout_animation&quot;:&quot;false&quot;,&quot;grandrestaurant_ext_mobile_static&quot;:&quot;false&quot;}\" data-widget_type=\"text-editor.default\">\n\t\t\t\t<div class=\"elementor-widget-container\">\n\t\t\t<style>\/*! elementor - v3.16.0 - 20-09-2023 *\/\n.elementor-widget-text-editor.elementor-drop-cap-view-stacked .elementor-drop-cap{background-color:#69727d;color:#fff}.elementor-widget-text-editor.elementor-drop-cap-view-framed .elementor-drop-cap{color:#69727d;border:3px solid;background-color:transparent}.elementor-widget-text-editor:not(.elementor-drop-cap-view-default) .elementor-drop-cap{margin-top:8px}.elementor-widget-text-editor:not(.elementor-drop-cap-view-default) .elementor-drop-cap-letter{width:1em;height:1em}.elementor-widget-text-editor .elementor-drop-cap{float:left;text-align:center;line-height:1;font-size:50px}.elementor-widget-text-editor .elementor-drop-cap-letter{display:inline-block}<\/style>\t\t\t\t<h4><b>What are cookies?<\/b><\/h4><p>Cookies are small text files that a website stores on your computer or mobile device when you visit it.<\/p><h4><b>How do we use cookies?<\/b><\/h4><p>Cookies are used to record information about how you use our website, for example, when you last visited and what kind of information you searched for here. The text file can only be read by this website, so nobody else has access to this information.<\/p><h4>Some of the pages use cookies to register:<\/h4><p>\u2003-if you have already agreed (or not) to the use of cookies on this website;<\/p><p>\u2003-any information entered (except confidential items).<\/p><p>\u2003--screen settings such as color, contrast and text size.<\/p><p>So you don't need to enter them every time you visit the site.<\/p><p>Cookies do not need to be enabled for this site to function, but they do provide a better quality of navigation. These cookies can be deleted or blocked, in which case some elements of the site may not function correctly.<\/p><p>Cookie information is not used for identification purposes, and data related to your activity is protected by us and is not disclosed to other entities.<\/p><p>This website uses Google Analytics, a web analytics service provided by Google Inc. (Google). The information generated by this cookie when you visit this website (including your IP address) will be transmitted to and stored by Google on servers servers operated by Google. Google will use this information for the purpose of evaluating your use of the website, compiling reports on website activity for website operators and providing other services relating to website activity and internet usage. Google may also transfer this information to other entities where required to do so by law, or where such entities process the data on Google's behalf. Google will never link your IP address to other data stored by Google. By using this website, you grant permission to Google to process information about you within the limits and for the purposes described above.<\/p><p>\u00a0<\/p><p><b>How can I control cookies and prevent receiving them?<\/b><\/p><p>You can control and delete cookies according to your preferences. For more information on how to disable cookie storage and change your web browser settings, visit\u00a0<a href=\"http:\/\/www.aboutcookies.org\/\">http:\/\/www.aboutcookies.org<\/a><\/p><p>You can delete all cookies stored on your computer. In addition, most web browsers can be configured to block cookies. However, in this case, you will have to manually adjust some settings each time you access the website, and some services and features may not function properly.<\/p><h4><b>Collection of personal data<\/b><\/h4><p>We only collect personally identifiable information or data that is expressly and voluntarily provided by visitors to our site. We receive limited information about visitors to our site, such as name, job title, company address, email address, telephone and fax numbers. In general, we collect personally identifiable information for the following purposes:<\/p><p>-receiving information and questions;<\/p><p>-information regarding orders, products, services and offers.<\/p><h4><b>Data storage<\/b><\/h4><p>The personal data you provide to us will only be retained for as long as is necessary to fulfill the purpose for which it was collected, or as required by law. For example, visitor contact information (such as that obtained when submitting a question via the contact form) will be retained for as long as is necessary to fulfill the request, or until the user requests its deletion.<\/p><h4><b>Partner websites:<\/b><\/h4><p>Our website may contain links to other websites. OMIDOX S.R.L is not responsible for their content and security.<\/p><p>OMIDOX S.R.L guarantees the security and confidentiality of all personal data and information. However, this guarantee does not apply to other websites.<\/p><h4><b>Processing of personal data<\/b><\/h4><p>OMIDOX S.R.L is the processor of all personal data collected through this website; they will be processed in accordance with EU regulations.<\/p><p>By using this website, you consent to us processing your information in accordance with the procedure and for the purposes listed above.<\/p><p>\u00a0<\/p>\t\t\t\t\t\t<\/div>\n\t\t\t\t<\/div>\n\t\t\t\t<div class=\"elementor-element elementor-element-4ac3a85 elementor-widget elementor-widget-spacer\" data-id=\"4ac3a85\" data-element_type=\"widget\" data-settings=\"{&quot;grandrestaurant_ext_link_reservation&quot;:&quot;false&quot;,&quot;grandrestaurant_ext_link_sidemenu&quot;:&quot;false&quot;,&quot;grandrestaurant_ext_link_fullmenu&quot;:&quot;false&quot;,&quot;grandrestaurant_ext_link_closed_fullmenu&quot;:&quot;false&quot;,&quot;grandrestaurant_ext_is_scrollme&quot;:&quot;false&quot;,&quot;grandrestaurant_ext_is_smoove&quot;:&quot;false&quot;,&quot;grandrestaurant_ext_is_parallax_mouse&quot;:&quot;false&quot;,&quot;grandrestaurant_ext_is_infinite&quot;:&quot;false&quot;,&quot;grandrestaurant_ext_is_fadeout_animation&quot;:&quot;false&quot;,&quot;grandrestaurant_ext_mobile_static&quot;:&quot;false&quot;}\" data-widget_type=\"spacer.default\">\n\t\t\t\t<div class=\"elementor-widget-container\">\n\t\t\t\t\t<div class=\"elementor-spacer\">\n\t\t\t<div class=\"elementor-spacer-inner\"><\/div>\n\t\t<\/div>\n\t\t\t\t<\/div>\n\t\t\t\t<\/div>\n\t\t\t\t\t<\/div>\n\t\t\t\t<\/div>\n\t\t\t\t\t\t\t<\/div>","protected":false},"excerpt":{"rendered":"<p>Politica Cookies Acas\u0103 Politica Cookies Ce sunt cookie-urile? Cookie-urile sunt fi\u015fiere text de mici dimensiuni pe care un site web le stocheaz\u0103 \u00een computerul sau dispozitivul dumneavoastr\u0103 mobil atunci c\u00e2nd \u00eel accesa\u0163i. Cum folosim cookie-urile? Cookie-urile sunt folosite pentru a [&hellip;]<\/p>","protected":false},"author":1,"featured_media":0,"parent":0,"menu_order":0,"comment_status":"closed","ping_status":"closed","template":"","meta":{"footnotes":""},"class_list":["post-3984","page","type-page","status-publish","hentry"],"yoast_head":"<!-- This site is optimized with the Yoast SEO plugin v21.5 - https:\/\/yoast.com\/wordpress\/plugins\/seo\/ -->\n<title>Politica Cookies - Nature Nest<\/title>\n<meta name=\"robots\" content=\"index, follow, max-snippet:-1, max-image-preview:large, max-video-preview:-1\" \/>\n<link rel=\"canonical\" href=\"https:\/\/naturenest.ro\/en\/politica-cookies\/\" \/>\n<meta property=\"og:locale\" content=\"en_US\" \/>\n<meta property=\"og:type\" content=\"article\" \/>\n<meta property=\"og:title\" content=\"Politica Cookies - Nature Nest\" \/>\n<meta property=\"og:description\" content=\"Politica Cookies Acas\u0103 Politica Cookies Ce sunt cookie-urile? Cookie-urile sunt fi\u015fiere text de mici dimensiuni pe care un site web le stocheaz\u0103 \u00een computerul sau dispozitivul dumneavoastr\u0103 mobil atunci c\u00e2nd \u00eel accesa\u0163i. Cum folosim cookie-urile? Cookie-urile sunt folosite pentru a [&hellip;]\" \/>\n<meta property=\"og:url\" content=\"https:\/\/naturenest.ro\/en\/politica-cookies\/\" \/>\n<meta property=\"og:site_name\" content=\"Nature Nest\" \/>\n<meta property=\"article:modified_time\" content=\"2025-01-09T06:30:57+00:00\" \/>\n<meta name=\"twitter:card\" content=\"summary_large_image\" \/>\n<meta name=\"twitter:label1\" content=\"Est. reading time\" \/>\n\t<meta name=\"twitter:data1\" content=\"4 minutes\" \/>\n<script type=\"application\/ld+json\" class=\"yoast-schema-graph\">{\"@context\":\"https:\/\/schema.org\",\"@graph\":[{\"@type\":\"WebPage\",\"@id\":\"https:\/\/naturenest.ro\/politica-cookies\/\",\"url\":\"https:\/\/naturenest.ro\/politica-cookies\/\",\"name\":\"Politica Cookies - Nature Nest\",\"isPartOf\":{\"@id\":\"https:\/\/naturenest.ro\/#website\"},\"datePublished\":\"2023-11-02T23:16:30+00:00\",\"dateModified\":\"2025-01-09T06:30:57+00:00\",\"breadcrumb\":{\"@id\":\"https:\/\/naturenest.ro\/politica-cookies\/#breadcrumb\"},\"inLanguage\":\"en-US\",\"potentialAction\":[{\"@type\":\"ReadAction\",\"target\":[\"https:\/\/naturenest.ro\/politica-cookies\/\"]}]},{\"@type\":\"BreadcrumbList\",\"@id\":\"https:\/\/naturenest.ro\/politica-cookies\/#breadcrumb\",\"itemListElement\":[{\"@type\":\"ListItem\",\"position\":1,\"name\":\"Acas\u0103\",\"item\":\"https:\/\/naturenest.ro\/\"},{\"@type\":\"ListItem\",\"position\":2,\"name\":\"Politica Cookies\"}]},{\"@type\":\"WebSite\",\"@id\":\"https:\/\/naturenest.ro\/#website\",\"url\":\"https:\/\/naturenest.ro\/\",\"name\":\"Nature Nest\",\"description\":\"\",\"publisher\":{\"@id\":\"https:\/\/naturenest.ro\/#organization\"},\"potentialAction\":[{\"@type\":\"SearchAction\",\"target\":{\"@type\":\"EntryPoint\",\"urlTemplate\":\"https:\/\/naturenest.ro\/?s={search_term_string}\"},\"query-input\":\"required name=search_term_string\"}],\"inLanguage\":\"en-US\"},{\"@type\":\"Organization\",\"@id\":\"https:\/\/naturenest.ro\/#organization\",\"name\":\"Nature Nest\",\"url\":\"https:\/\/naturenest.ro\/\",\"logo\":{\"@type\":\"ImageObject\",\"inLanguage\":\"en-US\",\"@id\":\"https:\/\/naturenest.ro\/#\/schema\/logo\/image\/\",\"url\":\"https:\/\/naturenest.ro\/wp-content\/uploads\/2020\/12\/logo_nature_nest.png\",\"contentUrl\":\"https:\/\/naturenest.ro\/wp-content\/uploads\/2020\/12\/logo_nature_nest.png\",\"width\":703,\"height\":355,\"caption\":\"Nature Nest\"},\"image\":{\"@id\":\"https:\/\/naturenest.ro\/#\/schema\/logo\/image\/\"}}]}<\/script>\n<!-- \/ Yoast SEO plugin. -->","yoast_head_json":{"title":"Politica Cookies - Nature Nest","robots":{"index":"index","follow":"follow","max-snippet":"max-snippet:-1","max-image-preview":"max-image-preview:large","max-video-preview":"max-video-preview:-1"},"canonical":"https:\/\/naturenest.ro\/en\/politica-cookies\/","og_locale":"en_US","og_type":"article","og_title":"Politica Cookies - Nature Nest","og_description":"Politica Cookies Acas\u0103 Politica Cookies Ce sunt cookie-urile? Cookie-urile sunt fi\u015fiere text de mici dimensiuni pe care un site web le stocheaz\u0103 \u00een computerul sau dispozitivul dumneavoastr\u0103 mobil atunci c\u00e2nd \u00eel accesa\u0163i. Cum folosim cookie-urile? Cookie-urile sunt folosite pentru a [&hellip;]","og_url":"https:\/\/naturenest.ro\/en\/politica-cookies\/","og_site_name":"Nature Nest","article_modified_time":"2025-01-09T06:30:57+00:00","twitter_card":"summary_large_image","twitter_misc":{"Est. reading time":"4 minutes"},"schema":{"@context":"https:\/\/schema.org","@graph":[{"@type":"WebPage","@id":"https:\/\/naturenest.ro\/politica-cookies\/","url":"https:\/\/naturenest.ro\/politica-cookies\/","name":"Politica Cookies - Nature Nest","isPartOf":{"@id":"https:\/\/naturenest.ro\/#website"},"datePublished":"2023-11-02T23:16:30+00:00","dateModified":"2025-01-09T06:30:57+00:00","breadcrumb":{"@id":"https:\/\/naturenest.ro\/politica-cookies\/#breadcrumb"},"inLanguage":"en-US","potentialAction":[{"@type":"ReadAction","target":["https:\/\/naturenest.ro\/politica-cookies\/"]}]},{"@type":"BreadcrumbList","@id":"https:\/\/naturenest.ro\/politica-cookies\/#breadcrumb","itemListElement":[{"@type":"ListItem","position":1,"name":"Acas\u0103","item":"https:\/\/naturenest.ro\/"},{"@type":"ListItem","position":2,"name":"Politica Cookies"}]},{"@type":"WebSite","@id":"https:\/\/naturenest.ro\/#website","url":"https:\/\/naturenest.ro\/","name":"Nature Nest","description":"","publisher":{"@id":"https:\/\/naturenest.ro\/#organization"},"potentialAction":[{"@type":"SearchAction","target":{"@type":"EntryPoint","urlTemplate":"https:\/\/naturenest.ro\/?s={search_term_string}"},"query-input":"required name=search_term_string"}],"inLanguage":"en-US"},{"@type":"Organization","@id":"https:\/\/naturenest.ro\/#organization","name":"Nature Nest","url":"https:\/\/naturenest.ro\/","logo":{"@type":"ImageObject","inLanguage":"en-US","@id":"https:\/\/naturenest.ro\/#\/schema\/logo\/image\/","url":"https:\/\/naturenest.ro\/wp-content\/uploads\/2020\/12\/logo_nature_nest.png","contentUrl":"https:\/\/naturenest.ro\/wp-content\/uploads\/2020\/12\/logo_nature_nest.png","width":703,"height":355,"caption":"Nature Nest"},"image":{"@id":"https:\/\/naturenest.ro\/#\/schema\/logo\/image\/"}}]}},"_links":{"self":[{"href":"https:\/\/naturenest.ro\/en\/wp-json\/wp\/v2\/pages\/3984","targetHints":{"allow":["GET"]}}],"collection":[{"href":"https:\/\/naturenest.ro\/en\/wp-json\/wp\/v2\/pages"}],"about":[{"href":"https:\/\/naturenest.ro\/en\/wp-json\/wp\/v2\/types\/page"}],"author":[{"embeddable":true,"href":"https:\/\/naturenest.ro\/en\/wp-json\/wp\/v2\/users\/1"}],"replies":[{"embeddable":true,"href":"https:\/\/naturenest.ro\/en\/wp-json\/wp\/v2\/comments?post=3984"}],"version-history":[{"count":22,"href":"https:\/\/naturenest.ro\/en\/wp-json\/wp\/v2\/pages\/3984\/revisions"}],"predecessor-version":[{"id":8004,"href":"https:\/\/naturenest.ro\/en\/wp-json\/wp\/v2\/pages\/3984\/revisions\/8004"}],"wp:attachment":[{"href":"https:\/\/naturenest.ro\/en\/wp-json\/wp\/v2\/media?parent=3984"}],"curies":[{"name":"wp","href":"https:\/\/api.w.org\/{rel}","templated":true}]}}